{"id":2049,"date":"2018-12-25T02:41:21","date_gmt":"2018-12-25T01:41:21","guid":{"rendered":"https:\/\/kancelaria-tasarek.pl\/?page_id=2049"},"modified":"2023-11-22T08:12:43","modified_gmt":"2023-11-22T07:12:43","slug":"o-mnie","status":"publish","type":"page","link":"https:\/\/kancelaria-tasarek.pl\/en\/o-mnie\/","title":{"rendered":"Aboute me"},"content":{"rendered":"<section class=\"wpb-content-wrapper\"><div class=\"vc_row wpb_row vc_row-fluid bg-image-ps-inherit\"><div class=\"wpb_column vc_column_container vc_col-sm-8\"><div class=\"vc_column-inner\"><div class=\"wpb_wrapper\"><div id=\"ct-space-6a059aea8051b\">\n\t<style type=\"text\/css\">\n\t\t\t\t\t\t\t\t\t@media (min-width: 768px) and (max-width: 991px) {\n\t\t\t\t#ct-space-6a059aea8051b .ct-space {\n\t\t\t\t\theight: 35px;\n\t\t\t\t}\n\t\t\t}\n\t\t\t\t\t\t\t@media screen and (max-width: 767px) {\n\t\t\t\t#ct-space-6a059aea8051b .ct-space {\n\t\t\t\t\theight: 35px;\n\t\t\t\t}\n\t\t\t}\n\t\t\t<\/style>\n\t<div class=\"ct-space\"><\/div>\n<\/div><div id=\"ct-space-6a059aea805e3\">\n\t<style type=\"text\/css\">\n\t\t\t\t\t@media screen and (min-width: 1200px) {\n\t\t\t\t#ct-space-6a059aea805e3 .ct-space {\n\t\t\t\t\theight: 46px;\n\t\t\t\t}\n\t\t\t}\n\t\t\t\t\t\t\t@media (min-width: 992px) and (max-width: 1991px) {\n\t\t\t\t#ct-space-6a059aea805e3 .ct-space {\n\t\t\t\t\theight: 46px;\n\t\t\t\t}\n\t\t\t}\n\t\t\t\t\t\t\t<\/style>\n\t<div class=\"ct-space\"><\/div>\n<\/div><div id=\"ct-heading\" class=\"ct-heading  style1 align-left align-left-md align-left-sm align-left-xs\">\n    \n            <style type=\"text\/css\">\n            @media (min-width: 768px) and (max-width: 991px) {\n                #ct-heading .ct-heading-tag {\n                                            font-size: 24px !important;\n                                                        }\n            }\n        <\/style>\n    \n            <style type=\"text\/css\">\n            @media screen and (max-width: 767px) {\n                #ct-heading .ct-heading-tag {\n                                            font-size: 24px !important;\n                                                        }\n            }\n        <\/style>\n                <h3 class=\"ct-heading-tag\" style=\"margin-bottom:0px; \">\n                                    Aboute me                        <\/h3>\n            <div class=\"h-gap\">\n            <span>\n                <i ><\/i>\n                <i ><\/i>\n                <i ><\/i>\n                <i ><\/i>\n            <\/span>\n        <\/div>\n        <\/div>\n\t<div class=\"wpb_text_column wpb_content_element  vc_custom_1698754540789 text-block1\" >\n\t\t<div class=\"wpb_wrapper\">\n\t\t\t<p>I completed my law studies at the University of Silesia in Katowice, defending my thesis in the Department of Local Government Law.<\/p>\n<p>During the course of my studies I practised in the Courts and local government units, which acquainted me with the application of law, in a wide range of contexts. I also undertook practice in a law firm, where I was subsequently employed as a junior lawyer.<\/p>\n<p>I finished my Legal Counsel Apprenticeship in the District Chamber of Legal Counsels in Kielce, under the patronage of the legal counsel Wojciech Kuziel. After completing the apprenticeship, I took the legal counsel exam, which I passed with honors.<\/p>\n<p>During my professional practice, I have worked across a variety of professional sectors, such as construction, healthcare, service, and defense.<\/p>\n<p>In cooperation with the Attorney's Office Przedpe\u0142ski, \u017burawski and Partners in Katowice, and later the Law Office \"Amicus\" W. Kuziel, R. Pabis s.c. in Kielce, I gained extensive experience in customer service, legal representation, legal opinion, providing legal advice, and negotiating with partners.<\/p>\n\n\t\t<\/div>\n\t<\/div>\n<\/div><\/div><\/div><div class=\"wpb_column vc_column_container vc_col-sm-4\"><div class=\"vc_column-inner\"><div class=\"wpb_wrapper\"><div id=\"ct-space-6a059aea80a9d\">\n\t<style type=\"text\/css\">\n\t\t\t\t\t@media screen and (min-width: 1200px) {\n\t\t\t\t#ct-space-6a059aea80a9d .ct-space {\n\t\t\t\t\theight: 64px;\n\t\t\t\t}\n\t\t\t}\n\t\t\t\t\t\t\t@media (min-width: 992px) and (max-width: 1991px) {\n\t\t\t\t#ct-space-6a059aea80a9d .ct-space {\n\t\t\t\t\theight: 64px;\n\t\t\t\t}\n\t\t\t}\n\t\t\t\t\t\t\t<\/style>\n\t<div class=\"ct-space\"><\/div>\n<\/div>\n\t<div class=\"wpb_text_column wpb_content_element\" >\n\t\t<div class=\"wpb_wrapper\">\n\t\t\t<h4>Opinions<\/h4>\n<div class=\"ti-widget ti-goog\" data-layout-id=\"5\" data-set-id=\"ligth-border\" data-pid=\"\" data-pager-autoplay-timeout=\"6\" data-review-target-width=\"275\" data-language=\"pl\" > <div class=\"ti-widget-container ti-col-4\"> <div class=\"ti-footer source-Google\"> <div class=\"ti-rating-text\"> <strong class=\"ti-rating\"> Perfect <\/strong> <\/div> <span class=\"ti-stars star-lg\"> <span class=\"ti-star f\"><\/span><span class=\"ti-star f\"><\/span><span class=\"ti-star f\"><\/span><span class=\"ti-star f\"><\/span><span class=\"ti-star f\"><\/span> <\/span> <div class=\"ti-rating-text\"> <span class=\"nowrap\">Based on <strong>14 opinions<\/strong><\/span> <\/div> <div class=\"ti-large-logo\"> <div class=\"ti-v-center\"> <img loading=\"lazy\" decoding=\"async\" class=\"ti-logo-fb\" src=\"https:\/\/cdn.trustindex.io\/assets\/platform\/Google\/logo.svg\" width=\"150\" height=\"25\" alt=\"Google\" \/> <\/div> <\/div> <\/div> <div class=\"ti-reviews-container\"> <div class=\"ti-controls\"> <div class=\"ti-next\"><\/div> <div class=\"ti-prev\"><\/div> <\/div> <div class=\"ti-reviews-container-wrapper\">  <div data-empty=\"0\" class=\"ti-review-item source-Google\" > <div class=\"ti-inner\"> <div class=\"ti-review-header\"> <div class=\"ti-profile-img\"> <img decoding=\"async\" src=\"https:\/\/lh3.googleusercontent.com\/a\/ACg8ocJDrdLlEhSpoZH2A_gHjjh9d6pl1oJMwmyQOr3ncE1NvQrdSg=s120-c-rp-mo-br100\" alt=\"Micha\u0142 Brzozowski\" \/> <\/div> <div class=\"ti-profile-details\"> <div class=\"ti-name\"> Micha\u0142 Brzozowski <\/div> <div class=\"ti-date\">2023-09-22<\/div> <\/div> <\/div> <span class=\"ti-stars\"><span class=\"ti-star f\"><\/span><span class=\"ti-star f\"><\/span><span class=\"ti-star f\"><\/span><span class=\"ti-star f\"><\/span><span class=\"ti-star f\"><\/span><\/span> <div class=\"ti-review-text-container ti-review-content\"><!-- R-CONTENT -->Jak dla mnie to bardzo dobra kancelaria. Pan Andrzej jest bardzo kompetentny i ma du\u017c\u0105 wiedz\u0119. No i ceni\u0119 to, \u017ce jest bardzo rzeczowy i konkretny, nie owija w bawe\u0142n\u0119. Skorzysta\u0142em z us\u0142ug w sprawie porady prawnej i jestem bardzo zadowolony z efekt\u00f3w.<!-- R-CONTENT --><\/div> <span class=\"ti-read-more\" data-container=\".ti-review-content\" data-collapse-text=\"Ukryj\" data-open-text=\"Czytaj wi\u0119cej\"><\/span> <\/div> <\/div>  <div data-empty=\"0\" class=\"ti-review-item source-Google\" > <div class=\"ti-inner\"> <div class=\"ti-review-header\"> <div class=\"ti-profile-img\"> <img decoding=\"async\" src=\"https:\/\/lh3.googleusercontent.com\/a\/ACg8ocKTXuOBiLsZLmm-bFwbBiHMwJRYXy_4sODgD9cuTrCWSMcp6w=s120-c-rp-mo-br100\" alt=\"Izabela Siwik\" \/> <\/div> <div class=\"ti-profile-details\"> <div class=\"ti-name\"> Izabela Siwik <\/div> <div class=\"ti-date\">2023-09-22<\/div> <\/div> <\/div> <span class=\"ti-stars\"><span class=\"ti-star f\"><\/span><span class=\"ti-star f\"><\/span><span class=\"ti-star f\"><\/span><span class=\"ti-star f\"><\/span><span class=\"ti-star f\"><\/span><\/span> <div class=\"ti-review-text-container ti-review-content\"><!-- R-CONTENT -->By\u0142am na konsultacjach z powodu problem\u00f3w z wynajmem mieszkania. Pan Andrzej bardzo mi pom\u00f3g\u0142. Nie tylko udzieli\u0142 mi cennych porad, ale te\u017c pom\u00f3g\u0142 w negocjacjach z drug\u0105 stron\u0105. Cho\u0107 pocz\u0105tkowo wyda\u0142o mi si\u0119 to drogie, teraz widz\u0119, \u017ce warto by\u0142o.<!-- R-CONTENT --><\/div> <span class=\"ti-read-more\" data-container=\".ti-review-content\" data-collapse-text=\"Ukryj\" data-open-text=\"Czytaj wi\u0119cej\"><\/span> <\/div> <\/div>  <div data-empty=\"0\" class=\"ti-review-item source-Google\" > <div class=\"ti-inner\"> <div class=\"ti-review-header\"> <div class=\"ti-profile-img\"> <img decoding=\"async\" src=\"https:\/\/lh3.googleusercontent.com\/a\/ACg8ocKfPzWLY7U6jNLDSchmkby7UQ3NBBxCTbnqu9lRsyd4_3ZgeA=s120-c-rp-mo-br100\" alt=\"Damian St\u0119pie\u0144\" \/> <\/div> <div class=\"ti-profile-details\"> <div class=\"ti-name\"> Damian St\u0119pie\u0144 <\/div> <div class=\"ti-date\">2023-09-22<\/div> <\/div> <\/div> <span class=\"ti-stars\"><span class=\"ti-star f\"><\/span><span class=\"ti-star f\"><\/span><span class=\"ti-star f\"><\/span><span class=\"ti-star f\"><\/span><span class=\"ti-star f\"><\/span><\/span> <div class=\"ti-review-text-container ti-review-content\"><!-- R-CONTENT -->Kancelaria pana Andrzeja to miejsce, gdzie czu\u0142em si\u0119 traktowany bardzo indywidualnie. Zajmowali si\u0119 moj\u0105 spraw\u0105 z pe\u0142nym zaanga\u017cowaniem i profesjonalizmem, cho\u0107 sprawa nie by\u0142a prosta. Minus za to, \u017ce troch\u0119 z tym trwa\u0142o, ale efekt ko\u0144cowy wynagrodzi\u0142 wszystko.<!-- R-CONTENT --><\/div> <span class=\"ti-read-more\" data-container=\".ti-review-content\" data-collapse-text=\"Ukryj\" data-open-text=\"Czytaj wi\u0119cej\"><\/span> <\/div> <\/div>  <div data-empty=\"0\" class=\"ti-review-item source-Google\" > <div class=\"ti-inner\"> <div class=\"ti-review-header\"> <div class=\"ti-profile-img\"> <img decoding=\"async\" src=\"https:\/\/lh3.googleusercontent.com\/a\/ACg8ocKwpoTl35YLJSpP8j7QO68z-KF1C0mSzyLvcQQJzFwwApG6EA=s120-c-rp-mo-br100\" alt=\"Tomek Bednarski\" \/> <\/div> <div class=\"ti-profile-details\"> <div class=\"ti-name\"> Tomek Bednarski <\/div> <div class=\"ti-date\">2023-09-22<\/div> <\/div> <\/div> <span class=\"ti-stars\"><span class=\"ti-star f\"><\/span><span class=\"ti-star f\"><\/span><span class=\"ti-star f\"><\/span><span class=\"ti-star f\"><\/span><span class=\"ti-star f\"><\/span><\/span> <div class=\"ti-review-text-container ti-review-content\"><!-- R-CONTENT -->Poszukiwa\u0142em radcy prawnego do sprawy windykacyjnej i trafi\u0142em na Andrzeja Tasarka. Musz\u0119 przyzna\u0107, \u017ce mi\u0142o mnie zaskoczy\u0142. Okej, trzeba by\u0142o troch\u0119 poczeka\u0107 na wizyt\u0119, ale jak ju\u017c dosz\u0142o do spotkania, to wszystko posz\u0142o bardzo sprawnie.<!-- R-CONTENT --><\/div> <span class=\"ti-read-more\" data-container=\".ti-review-content\" data-collapse-text=\"Ukryj\" data-open-text=\"Czytaj wi\u0119cej\"><\/span> <\/div> <\/div>  <div data-empty=\"0\" class=\"ti-review-item source-Google\" > <div class=\"ti-inner\"> <div class=\"ti-review-header\"> <div class=\"ti-profile-img\"> <img decoding=\"async\" src=\"https:\/\/lh3.googleusercontent.com\/a\/ACg8ocJjeDXApHnVPE7oXFFjkGe61p3igkeK6-dSahxrFC2koIKXaA=s120-c-rp-mo-br100\" alt=\"Bartek Kowalczyk\" \/> <\/div> <div class=\"ti-profile-details\"> <div class=\"ti-name\"> Bartek Kowalczyk <\/div> <div class=\"ti-date\">2023-09-22<\/div> <\/div> <\/div> <span class=\"ti-stars\"><span class=\"ti-star f\"><\/span><span class=\"ti-star f\"><\/span><span class=\"ti-star f\"><\/span><span class=\"ti-star f\"><\/span><span class=\"ti-star f\"><\/span><\/span> <div class=\"ti-review-text-container ti-review-content\"><!-- R-CONTENT -->Zdecydowa\u0142em si\u0119 na us\u0142ugi tej kancelarii przez polecenie znajomego i jestem zadowolony. Profesjonalizm i konkretne podej\u015bcie do tematu. Wszystko jasno wyt\u0142umaczone i za\u0142atwione w szybkim tempie. No i lokalizacja te\u017c dobra, blisko centrum.<!-- R-CONTENT --><\/div> <span class=\"ti-read-more\" data-container=\".ti-review-content\" data-collapse-text=\"Ukryj\" data-open-text=\"Czytaj wi\u0119cej\"><\/span> <\/div> <\/div>  <div data-empty=\"0\" class=\"ti-review-item source-Google\" > <div class=\"ti-inner\"> <div class=\"ti-review-header\"> <div class=\"ti-profile-img\"> <img decoding=\"async\" src=\"https:\/\/lh3.googleusercontent.com\/a\/ACg8ocLBqykhIKJ2XLDJHD_1ZjCxxLvH56jVKJFOSZAJaW_J7dW9vQ=s120-c-rp-mo-br100\" alt=\"Pawe\u0142 Wi\u015bniewski\" \/> <\/div> <div class=\"ti-profile-details\"> <div class=\"ti-name\"> Pawe\u0142 Wi\u015bniewski <\/div> <div class=\"ti-date\">2023-09-22<\/div> <\/div> <\/div> <span class=\"ti-stars\"><span class=\"ti-star f\"><\/span><span class=\"ti-star f\"><\/span><span class=\"ti-star f\"><\/span><span class=\"ti-star f\"><\/span><span class=\"ti-star f\"><\/span><\/span> <div class=\"ti-review-text-container ti-review-content\"><!-- R-CONTENT -->Mia\u0142em do za\u0142atwienia spraw\u0119 z umow\u0105 i generalnie z prawnymi papierami. Troch\u0119 si\u0119 ba\u0142em, \u017ce nie zrozumiem tego wszystkiego, ale radca Tasarek super mi to wyja\u015bni\u0142. Czeka\u0142em z tym do ostatniej chwili i si\u0119 stresowa\u0142em, ale oni dali rad\u0119 to za\u0142atwi\u0107 w ekspresowym tempie. Cena by\u0142a ok, cho\u0107 mog\u0142oby by\u0107 taniej, ale c\u00f3\u017c, za jako\u015b\u0107 trzeba p\u0142aci\u0107.<!-- R-CONTENT --><\/div> <span class=\"ti-read-more\" data-container=\".ti-review-content\" data-collapse-text=\"Ukryj\" data-open-text=\"Czytaj wi\u0119cej\"><\/span> <\/div> <\/div>  <div data-empty=\"0\" class=\"ti-review-item source-Google\" > <div class=\"ti-inner\"> <div class=\"ti-review-header\"> <div class=\"ti-profile-img\"> <img decoding=\"async\" src=\"https:\/\/lh3.googleusercontent.com\/a\/ACg8ocL3AzHeXXOk1eYRwK9s17fI7J_KlJBUI7xRdRD2I80huYYM4Q=s120-c-rp-mo-br100\" alt=\"Piotrek Baranowski\" \/> <\/div> <div class=\"ti-profile-details\"> <div class=\"ti-name\"> Piotrek Baranowski <\/div> <div class=\"ti-date\">2023-09-22<\/div> <\/div> <\/div> <span class=\"ti-stars\"><span class=\"ti-star f\"><\/span><span class=\"ti-star f\"><\/span><span class=\"ti-star f\"><\/span><span class=\"ti-star f\"><\/span><span class=\"ti-star f\"><\/span><\/span> <div class=\"ti-review-text-container ti-review-content\"><!-- R-CONTENT -->Przyszed\u0142em do kancelarii z problemem rozwodowym i zosta\u0142em bardzo profesjonalnie obs\u0142u\u017cony. Pomimo, \u017ce sprawa by\u0142a skomplikowana i emocjonalnie ci\u0119\u017cka dla mnie, radca prawny Andrzej Tasarek okaza\u0142 du\u017ce zrozumienie i empati\u0119. Zreszt\u0105 nie tylko on, ale ca\u0142y zesp\u00f3\u0142. Nie spodziewa\u0142em si\u0119 takiego poziomu us\u0142ug w Kielcach.<!-- R-CONTENT --><\/div> <span class=\"ti-read-more\" data-container=\".ti-review-content\" data-collapse-text=\"Ukryj\" data-open-text=\"Czytaj wi\u0119cej\"><\/span> <\/div> <\/div>  <div data-empty=\"0\" class=\"ti-review-item source-Google\" > <div class=\"ti-inner\"> <div class=\"ti-review-header\"> <div class=\"ti-profile-img\"> <img decoding=\"async\" src=\"https:\/\/lh3.googleusercontent.com\/a\/ACg8ocL4MTGA8Ncu-wqFGx80ijYXY7zrH27JNCyhyxhG5lW0NxuSqA=s120-c-rp-mo-br100\" alt=\"Marcin Jurkowski\" \/> <\/div> <div class=\"ti-profile-details\"> <div class=\"ti-name\"> Marcin Jurkowski <\/div> <div class=\"ti-date\">2023-09-18<\/div> <\/div> <\/div> <span class=\"ti-stars\"><span class=\"ti-star f\"><\/span><span class=\"ti-star f\"><\/span><span class=\"ti-star f\"><\/span><span class=\"ti-star f\"><\/span><span class=\"ti-star f\"><\/span><\/span> <div class=\"ti-review-text-container ti-review-content\"><!-- R-CONTENT -->Mia\u0142em k\u0142opot z pracodawc\u0105 i potrzebowa\u0142em porady prawnej. Po konsultacji z Andrzejem Tasarkiem mog\u0119 powiedzie\u0107, \u017ce warto by\u0142o. Chocia\u017c na pocz\u0105tku by\u0142em zdziwiony, \u017ce tyle to kosztuje, to efekty przekona\u0142y mnie, \u017ce warto by\u0142o. Uda\u0142o mi si\u0119 za\u0142atwi\u0107 spraw\u0119 bez ci\u0105gania po s\u0105dach. Minus za to, \u017ce trzeba by\u0142o troch\u0119 poczeka\u0107 na termin, ale jak dla mnie warto.<!-- R-CONTENT --><\/div> <span class=\"ti-read-more\" data-container=\".ti-review-content\" data-collapse-text=\"Ukryj\" data-open-text=\"Czytaj wi\u0119cej\"><\/span> <\/div> <\/div>  <div data-empty=\"0\" class=\"ti-review-item source-Google\" > <div class=\"ti-inner\"> <div class=\"ti-review-header\"> <div class=\"ti-profile-img\"> <img decoding=\"async\" src=\"https:\/\/lh3.googleusercontent.com\/a\/ACg8ocKNJeDMbKcLFZz8hfNtJ1FazOfweruczUV17mu6xpX4KqKBYA=s120-c-rp-mo-br100\" alt=\"Anna Cichy\" \/> <\/div> <div class=\"ti-profile-details\"> <div class=\"ti-name\"> Anna Cichy <\/div> <div class=\"ti-date\">2023-09-18<\/div> <\/div> <\/div> <span class=\"ti-stars\"><span class=\"ti-star f\"><\/span><span class=\"ti-star f\"><\/span><span class=\"ti-star f\"><\/span><span class=\"ti-star f\"><\/span><span class=\"ti-star f\"><\/span><\/span> <div class=\"ti-review-text-container ti-review-content\"><!-- R-CONTENT -->Posz\u0142am do kancelarii z problemem spadkowym. Nie bardzo wiedzia\u0142am co mam zrobi\u0107, bo to by\u0142a do\u015b\u0107 skomplikowana sytuacja z wieloma stronami. Pan Andrzej super mi wyt\u0142umaczy\u0142 wszystko i zaproponowa\u0142 r\u00f3\u017cne opcje. Co wa\u017cne, nie naciska\u0142 na \u017cadne rozwi\u0105zanie, tylko da\u0142 mi czas do namys\u0142u. Jestem bardzo zadowolona, cho\u0107 musz\u0119 przyzna\u0107, \u017ce czas oczekiwania na wizyt\u0119 by\u0142 d\u0142u\u017cszy ni\u017c si\u0119 spodziewa\u0142am.<!-- R-CONTENT --><\/div> <span class=\"ti-read-more\" data-container=\".ti-review-content\" data-collapse-text=\"Ukryj\" data-open-text=\"Czytaj wi\u0119cej\"><\/span> <\/div> <\/div>  <\/div> <div class=\"ti-controls-line\"> <div class=\"dot\"><\/div> <\/div>  <\/div> <\/div> <\/div>\n\n\t\t<\/div>\n\t<\/div>\n\n\t<div class=\"wpb_text_column wpb_content_element\" >\n\t\t<div class=\"wpb_wrapper\">\n\t\t\t<h4>Fast contact<\/h4>\n\n\t\t<\/div>\n\t<\/div>\n<div class=\"ct-contact-info style1 mrl\">\n\t<div class=\"contact-info-inner\">\n                    <div class=\"ct-contact-info-icon\">\n                <i class=\"far fa-envelope\" style=\"\"><\/i>\n            <\/div>\n                <div class=\"ct-contact-info-content\" style=\"\">\n                                                    <a href=\"mailto:radca@kancelaria-tasarek.pl\">radca@kancelaria-tasarek.pl<\/a>\n                                <\/div>\n\t<\/div>\n<\/div><div class=\"ct-contact-info style1 mrl\">\n\t<div class=\"contact-info-inner\">\n                    <div class=\"ct-contact-info-icon\">\n                <i class=\"fas fa-phone-alt\" style=\"\"><\/i>\n            <\/div>\n                <div class=\"ct-contact-info-content\" style=\"\">\n                                                        <a href=\"tel:48508\u2013321\u2013664\">+48 508 \u2013 321 \u2013 664<\/a>\n                                            <\/div>\n\t<\/div>\n<\/div><\/div><\/div><\/div><\/div>\n<\/section>","protected":false},"excerpt":{"rendered":"O mnie Uko\u0144czy\u0142em wy\u017csze studia prawnicze na Uniwersytecie \u015al\u0105skim w Katowicach, broni\u0105c prac\u0119 magistersk\u0105 na Katedrze Prawa Samorz\u0105du Terytorialnego. W trakcie studi\u00f3w odbywa\u0142em praktyki w s\u0105dach i jednostkach samorz\u0105du terytorialnego, co pozwoli\u0142o mi na zapoznanie si\u0119 z praktyk\u0105 stosowania prawa z uwzgl\u0119dnieniem r\u00f3\u017cnych potrzeb. Jeszcze w trakcie studi\u00f3w podj\u0105\u0142em tak\u017ce praktyk\u0119 w kancelarii adwokackiej, gdzie [...]","protected":false},"author":1,"featured_media":0,"parent":0,"menu_order":5,"comment_status":"closed","ping_status":"closed","template":"","meta":{"footnotes":""},"class_list":["post-2049","page","type-page","status-publish","hentry"],"_links":{"self":[{"href":"https:\/\/kancelaria-tasarek.pl\/en\/wp-json\/wp\/v2\/pages\/2049","targetHints":{"allow":["GET"]}}],"collection":[{"href":"https:\/\/kancelaria-tasarek.pl\/en\/wp-json\/wp\/v2\/pages"}],"about":[{"href":"https:\/\/kancelaria-tasarek.pl\/en\/wp-json\/wp\/v2\/types\/page"}],"author":[{"embeddable":true,"href":"https:\/\/kancelaria-tasarek.pl\/en\/wp-json\/wp\/v2\/users\/1"}],"replies":[{"embeddable":true,"href":"https:\/\/kancelaria-tasarek.pl\/en\/wp-json\/wp\/v2\/comments?post=2049"}],"version-history":[{"count":16,"href":"https:\/\/kancelaria-tasarek.pl\/en\/wp-json\/wp\/v2\/pages\/2049\/revisions"}],"predecessor-version":[{"id":2313,"href":"https:\/\/kancelaria-tasarek.pl\/en\/wp-json\/wp\/v2\/pages\/2049\/revisions\/2313"}],"wp:attachment":[{"href":"https:\/\/kancelaria-tasarek.pl\/en\/wp-json\/wp\/v2\/media?parent=2049"}],"curies":[{"name":"wp","href":"https:\/\/api.w.org\/{rel}","templated":true}]}}