{"id":2057,"date":"2018-12-25T02:42:49","date_gmt":"2018-12-25T01:42:49","guid":{"rendered":"https:\/\/kancelaria-tasarek.pl\/?page_id=2057"},"modified":"2023-11-22T08:13:59","modified_gmt":"2023-11-22T07:13:59","slug":"kontakt","status":"publish","type":"page","link":"https:\/\/kancelaria-tasarek.pl\/en\/kontakt\/","title":{"rendered":"Contact"},"content":{"rendered":"<section class=\"wpb-content-wrapper\"><div class=\"vc_row wpb_row vc_row-fluid vc_custom_1545816911406 bg-image-ps-inherit\"><div class=\"col-boxshadow wpb_column vc_column_container vc_col-sm-12 rm-padding-sm\"><div class=\"vc_column-inner vc_custom_1545897722938\"><div class=\"wpb_wrapper\"><div class=\"vc_row wpb_row vc_inner vc_row-fluid\"><div class=\"wpb_column vc_column_container vc_col-sm-12 vc_col-lg-9 vc_col-md-9\"><div class=\"vc_column-inner vc_custom_1545816757842\"><div class=\"wpb_wrapper\"><div id=\"ct-heading\" class=\"ct-heading  style1 align-left align-left-md align-left-sm align-left-xs\">\n    \n    \n            <style type=\"text\/css\">\n            @media screen and (max-width: 767px) {\n                #ct-heading .ct-heading-tag {\n                                            font-size: 26px !important;\n                                                        }\n            }\n        <\/style>\n                <h3 class=\"ct-heading-tag\" >\n                                    Legal Adviser's Office<br \/>\nAndrzej Tasarek                        <\/h3>\n        <\/div><\/div><\/div><\/div><div class=\"wpb_column vc_column_container vc_col-sm-3\"><div class=\"vc_column-inner vc_custom_1545816763346\"><div class=\"wpb_wrapper\"><\/div><\/div><\/div><\/div><div class=\"vc_empty_space\"   style=\"height: 20px\"><span class=\"vc_empty_space_inner\"><\/span><\/div><div class=\"vc_row wpb_row vc_inner vc_row-fluid\"><div class=\"wpb_column vc_column_container vc_col-sm-7\"><div class=\"vc_column-inner\"><div class=\"wpb_wrapper\"><div class=\"ct-contact-info style1\">\n\t<div class=\"contact-info-inner\">\n                    <div class=\"ct-contact-info-icon\">\n                <i class=\"fac fac-building\" style=\"\"><\/i>\n            <\/div>\n                <div class=\"ct-contact-info-content\" style=\"\">\n                            ul. Weso\u0142a 51\/324<br \/>\n25-363 Kielce                                                        <\/div>\n\t<\/div>\n<\/div><div class=\"vc_empty_space\"   style=\"height: 21px\"><span class=\"vc_empty_space_inner\"><\/span><\/div><div class=\"ct-contact-info style1\">\n\t<div class=\"contact-info-inner\">\n                    <div class=\"ct-contact-info-icon\">\n                <i class=\"fac fac-phone\" style=\"\"><\/i>\n            <\/div>\n                <div class=\"ct-contact-info-content\" style=\"\">\n                                                        <a href=\"tel:48508\u2013321\u2013664\">+48 508 \u2013 321 \u2013 664<\/a>\n                                            <\/div>\n\t<\/div>\n<\/div><div class=\"ct-contact-info style1\">\n\t<div class=\"contact-info-inner\">\n                    <div class=\"ct-contact-info-icon\">\n                <i class=\"fac fac-envelope\" style=\"\"><\/i>\n            <\/div>\n                <div class=\"ct-contact-info-content\" style=\"\">\n                                                    <a href=\"mailto:radca@kancelaria-tasarek.pl\">radca@kancelaria-tasarek.pl<\/a>\n                                <\/div>\n\t<\/div>\n<\/div><div class=\"ct-contact-info style1\">\n\t<div class=\"contact-info-inner\">\n                    <div class=\"ct-contact-info-icon\">\n                <i class=\"far fa-clock\" style=\"\"><\/i>\n            <\/div>\n                <div class=\"ct-contact-info-content\" style=\"\">\n                            The Law Firm is open Monday to Friday, 8.00am to 5.00pm<\/p>\n<p>Client appointments are set individually. Therefore, it may be possible to arrange legal advice beyond the hours described above and also on Saturdays.                                                        <\/div>\n\t<\/div>\n<\/div><\/div><\/div><\/div><div class=\"wpb_column vc_column_container vc_col-sm-5\"><div class=\"vc_column-inner\"><div class=\"wpb_wrapper\"><div id=\"ct-space-6a059abf0e1f2\">\n\t<style type=\"text\/css\">\n\t\t\t\t\t\t\t\t\t\t\t@media screen and (max-width: 767px) {\n\t\t\t\t#ct-space-6a059abf0e1f2 .ct-space {\n\t\t\t\t\theight: 32px;\n\t\t\t\t}\n\t\t\t}\n\t\t\t<\/style>\n\t<div class=\"ct-space\"><\/div>\n<\/div>\n\t<div class=\"wpb_text_column wpb_content_element\" >\n\t\t<div class=\"wpb_wrapper\">\n\t\t\t<p>NIP: 645-241-37-61<br \/>\nREGON: 362694947<\/p>\n<p>&nbsp;<\/p>\n<p><strong>Bank account:<\/strong><br \/>\nING Bank \u015al\u0105ski S.A.<br \/>\n57 1050 1416 1000 0092 1716 8476<\/p>\n\n\t\t<\/div>\n\t<\/div>\n<\/div><\/div><\/div><\/div><div id=\"ct-space-6a059abf0e387\">\n\t<style type=\"text\/css\">\n\t\t\t\t\t@media screen and (min-width: 1200px) {\n\t\t\t\t#ct-space-6a059abf0e387 .ct-space {\n\t\t\t\t\theight: 70px;\n\t\t\t\t}\n\t\t\t}\n\t\t\t\t\t\t\t@media (min-width: 992px) and (max-width: 1991px) {\n\t\t\t\t#ct-space-6a059abf0e387 .ct-space {\n\t\t\t\t\theight: 70px;\n\t\t\t\t}\n\t\t\t}\n\t\t\t\t\t\t\t@media (min-width: 768px) and (max-width: 991px) {\n\t\t\t\t#ct-space-6a059abf0e387 .ct-space {\n\t\t\t\t\theight: 70px;\n\t\t\t\t}\n\t\t\t}\n\t\t\t\t\t\t\t@media screen and (max-width: 767px) {\n\t\t\t\t#ct-space-6a059abf0e387 .ct-space {\n\t\t\t\t\theight: 30px;\n\t\t\t\t}\n\t\t\t}\n\t\t\t<\/style>\n\t<div class=\"ct-space\"><\/div>\n<\/div><div class=\"wpb_gmaps_widget wpb_content_element\"><div class=\"wpb_wrapper\"><div class=\"wpb_map_wraper\"><iframe src=\"https:\/\/www.google.com\/maps\/embed?pb=!1m18!1m12!1m3!1d2518.1472796475327!2d20.62555568727878!3d50.86547309863903!2m3!1f0!2f0!3f0!3m2!1i1024!2i768!4f13.1!3m3!1m2!1s0x4718278c532ed73b%3A0xd77e8f6e6c2aadd0!2sWeso%C5%82a%2051%2F324%2C%2025-001%20Kielce!5e0!3m2!1spl!2spl!4v1699811668922!5m2!1spl!2spl\" width=\"600\" height=\"450\" style=\"border:0;\" allowfullscreen=\"\" loading=\"lazy\" referrerpolicy=\"no-referrer-when-downgrade\"><\/iframe><\/div><\/div><\/div><\/div><\/div><\/div><\/div>\n<\/section>","protected":false},"excerpt":{"rendered":"Kancelaria Radcy Prawnego Andrzej Tasarek ul. Weso\u0142a 51\/324 25-363 Kielce +48 508 \u2013 321 \u2013 664 radca@kancelaria-tasarek.pl Kancelaria czynna jest od poniedzia\u0142ku do pi\u0105tku, w godzinach od 8.00 do 17.00 Godziny spotka\u0144 z Klientami ustalane s\u0105 indywidualnie \u2013 st\u0105d te\u017c istnieje mo\u017cliwo\u015b\u0107 um\u00f3wienia porady prawnej poza opisanymi powy\u017cej godzinami oraz w soboty. NIP: 645-241-37-61 REGON: [...]","protected":false},"author":1,"featured_media":0,"parent":0,"menu_order":4,"comment_status":"closed","ping_status":"closed","template":"","meta":{"footnotes":""},"class_list":["post-2057","page","type-page","status-publish","hentry"],"_links":{"self":[{"href":"https:\/\/kancelaria-tasarek.pl\/en\/wp-json\/wp\/v2\/pages\/2057","targetHints":{"allow":["GET"]}}],"collection":[{"href":"https:\/\/kancelaria-tasarek.pl\/en\/wp-json\/wp\/v2\/pages"}],"about":[{"href":"https:\/\/kancelaria-tasarek.pl\/en\/wp-json\/wp\/v2\/types\/page"}],"author":[{"embeddable":true,"href":"https:\/\/kancelaria-tasarek.pl\/en\/wp-json\/wp\/v2\/users\/1"}],"replies":[{"embeddable":true,"href":"https:\/\/kancelaria-tasarek.pl\/en\/wp-json\/wp\/v2\/comments?post=2057"}],"version-history":[{"count":20,"href":"https:\/\/kancelaria-tasarek.pl\/en\/wp-json\/wp\/v2\/pages\/2057\/revisions"}],"predecessor-version":[{"id":2315,"href":"https:\/\/kancelaria-tasarek.pl\/en\/wp-json\/wp\/v2\/pages\/2057\/revisions\/2315"}],"wp:attachment":[{"href":"https:\/\/kancelaria-tasarek.pl\/en\/wp-json\/wp\/v2\/media?parent=2057"}],"curies":[{"name":"wp","href":"https:\/\/api.w.org\/{rel}","templated":true}]}}